{"id":53,"date":"2026-04-28T16:51:23","date_gmt":"2026-04-28T16:51:23","guid":{"rendered":"https:\/\/luhanganosakaskunta.fi\/wordpress\/?page_id=53"},"modified":"2026-04-29T16:14:20","modified_gmt":"2026-04-29T16:14:20","slug":"pyydysrajoitukset","status":"publish","type":"page","link":"https:\/\/luhanganosakaskunta.fi\/wordpress\/?page_id=53","title":{"rendered":"Pyydysrajoitukset"},"content":{"rendered":"\n<p><strong>Pyydysrajoitukset<\/strong><\/p>\n\n\n\n<p>Verkkokalastuksessa on kielletty silm\u00e4koot 41\u201354 mm Pohjois-P\u00e4ij\u00e4nteen kalastusalueen m\u00e4\u00e4r\u00e4ysten mukaisesti. Kalastuslain mukaan ei-ammattikalastajalla saa olla enint\u00e4\u00e4n 8 verkkoa. Rapuja saa pyyt\u00e4\u00e4 rajattomasti. Troolin k\u00e4ytt\u00f6 on kielletty. Alamitat m\u00e4\u00e4ritell\u00e4\u00e4n kalatalousalueen kalastusrajoitusten mukaisesti <a href=\"https:\/\/ahven.net\/kalastus\/pyyntimitat-ja-rauhoitusajat\/\">https:\/\/ahven.net\/kalastus\/pyyntimitat-ja-rauhoitusajat\/<\/a>.<\/p>\n\n\n\n<p><strong>Kalastuksenvalvonta<\/strong><\/p>\n\n\n\n<p>Kalastuksenvalvojat suorittavat valvontaa osakaskunnan vesialueilla.<\/p>\n","protected":false},"excerpt":{"rendered":"<p>Pyydysrajoitukset Verkkokalastuksessa on kielletty silm\u00e4koot 41\u201354 mm Pohjois-P\u00e4ij\u00e4nteen kalastusalueen m\u00e4\u00e4r\u00e4ysten mukaisesti. Kalastuslain mukaan ei-ammattikalastajalla saa olla enint\u00e4\u00e4n 8 verkkoa. Rapuja saa pyyt\u00e4\u00e4 rajattomasti. Troolin k\u00e4ytt\u00f6 on kielletty. Alamitat m\u00e4\u00e4ritell\u00e4\u00e4n kalatalousalueen kalastusrajoitusten mukaisesti https:\/\/ahven.net\/kalastus\/pyyntimitat-ja-rauhoitusajat\/. Kalastuksenvalvonta Kalastuksenvalvojat suorittavat valvontaa osakaskunnan vesialueilla.<\/p>\n","protected":false},"author":1,"featured_media":0,"parent":0,"menu_order":0,"comment_status":"closed","ping_status":"closed","template":"","meta":{"footnotes":""},"class_list":["post-53","page","type-page","status-publish","hentry"],"_links":{"self":[{"href":"https:\/\/luhanganosakaskunta.fi\/wordpress\/index.php?rest_route=\/wp\/v2\/pages\/53","targetHints":{"allow":["GET"]}}],"collection":[{"href":"https:\/\/luhanganosakaskunta.fi\/wordpress\/index.php?rest_route=\/wp\/v2\/pages"}],"about":[{"href":"https:\/\/luhanganosakaskunta.fi\/wordpress\/index.php?rest_route=\/wp\/v2\/types\/page"}],"author":[{"embeddable":true,"href":"https:\/\/luhanganosakaskunta.fi\/wordpress\/index.php?rest_route=\/wp\/v2\/users\/1"}],"replies":[{"embeddable":true,"href":"https:\/\/luhanganosakaskunta.fi\/wordpress\/index.php?rest_route=%2Fwp%2Fv2%2Fcomments&post=53"}],"version-history":[{"count":2,"href":"https:\/\/luhanganosakaskunta.fi\/wordpress\/index.php?rest_route=\/wp\/v2\/pages\/53\/revisions"}],"predecessor-version":[{"id":95,"href":"https:\/\/luhanganosakaskunta.fi\/wordpress\/index.php?rest_route=\/wp\/v2\/pages\/53\/revisions\/95"}],"wp:attachment":[{"href":"https:\/\/luhanganosakaskunta.fi\/wordpress\/index.php?rest_route=%2Fwp%2Fv2%2Fmedia&parent=53"}],"curies":[{"name":"wp","href":"https:\/\/api.w.org\/{rel}","templated":true}]}}