{"id":50,"date":"2026-04-28T16:47:17","date_gmt":"2026-04-28T16:47:17","guid":{"rendered":"https:\/\/luhanganosakaskunta.fi\/wordpress\/?page_id=50"},"modified":"2026-04-28T17:22:47","modified_gmt":"2026-04-28T17:22:47","slug":"osakaskunta","status":"publish","type":"page","link":"https:\/\/luhanganosakaskunta.fi\/wordpress\/?page_id=50","title":{"rendered":"Osakaskunta"},"content":{"rendered":"\n<p><strong>LUHANGAN OSAKASKUNTA&nbsp; 435-876-3-1 (781-876-6-1)<\/strong><\/p>\n\n\n\n<p>Luhangan osakaskunnan yhteinen vesialue sijaitsee p\u00e4\u00e4asiassa Luhangan kunnassa olevilla vesialueilla. Luhangan osakaskunta toimii kalastuslaissa tarkoitettuna kalastuskuntana. Vesialueen osakaskunnat ovat osakaskiinteist\u00f6jen omistamia vesialueita ns. yhteisetuuksia. Osakaskunnan s\u00e4\u00e4nn\u00f6t on vahvistettu Aluehallintovirastossa 19.12.2016. Ne l\u00f6ytyv\u00e4t kohdasta S\u00e4\u00e4nn\u00f6t. Hoitokunnan puheenjohtaja Pentti Kuurneen laatima Luhangan osakaskunnan 10-vuotishistoriikki liitteen\u00e4:<\/p>\n\n\n\n<div class=\"wp-block-file\"><a id=\"wp-block-file--media-53041167-1587-46f4-a8c9-d2738dcbcd04\" href=\"https:\/\/luhanganosakaskunta.fi\/wordpress\/wp-content\/uploads\/2026\/04\/Luhangan_osakaskunnan_historiikki.pdf\" target=\"_blank\" rel=\"noreferrer noopener\">Historiikki<br><\/a><\/div>\n\n\n\n<div class=\"wp-block-file\"><a id=\"wp-block-file--media-1a20de7b-5068-4a49-84d3-9fbaf2b52e23\" href=\"https:\/\/luhanganosakaskunta.fi\/wordpress\/wp-content\/uploads\/2026\/04\/Luhangan_osakaskunnan_-saannot.pdf\" target=\"_blank\" rel=\"noreferrer noopener\">Luhangan osakaskunnan  s\u00e4\u00e4nno\u0308t<\/a><\/div>\n","protected":false},"excerpt":{"rendered":"<p>LUHANGAN OSAKASKUNTA&nbsp; 435-876-3-1 (781-876-6-1) Luhangan osakaskunnan yhteinen vesialue sijaitsee p\u00e4\u00e4asiassa Luhangan kunnassa olevilla vesialueilla. Luhangan osakaskunta toimii kalastuslaissa tarkoitettuna kalastuskuntana. Vesialueen osakaskunnat ovat osakaskiinteist\u00f6jen omistamia vesialueita ns. yhteisetuuksia. Osakaskunnan s\u00e4\u00e4nn\u00f6t on vahvistettu Aluehallintovirastossa 19.12.2016. Ne l\u00f6ytyv\u00e4t kohdasta S\u00e4\u00e4nn\u00f6t. Hoitokunnan puheenjohtaja Pentti Kuurneen laatima Luhangan osakaskunnan 10-vuotishistoriikki liitteen\u00e4:<\/p>\n","protected":false},"author":1,"featured_media":0,"parent":0,"menu_order":0,"comment_status":"closed","ping_status":"closed","template":"","meta":{"footnotes":""},"class_list":["post-50","page","type-page","status-publish","hentry"],"_links":{"self":[{"href":"https:\/\/luhanganosakaskunta.fi\/wordpress\/index.php?rest_route=\/wp\/v2\/pages\/50","targetHints":{"allow":["GET"]}}],"collection":[{"href":"https:\/\/luhanganosakaskunta.fi\/wordpress\/index.php?rest_route=\/wp\/v2\/pages"}],"about":[{"href":"https:\/\/luhanganosakaskunta.fi\/wordpress\/index.php?rest_route=\/wp\/v2\/types\/page"}],"author":[{"embeddable":true,"href":"https:\/\/luhanganosakaskunta.fi\/wordpress\/index.php?rest_route=\/wp\/v2\/users\/1"}],"replies":[{"embeddable":true,"href":"https:\/\/luhanganosakaskunta.fi\/wordpress\/index.php?rest_route=%2Fwp%2Fv2%2Fcomments&post=50"}],"version-history":[{"count":2,"href":"https:\/\/luhanganosakaskunta.fi\/wordpress\/index.php?rest_route=\/wp\/v2\/pages\/50\/revisions"}],"predecessor-version":[{"id":64,"href":"https:\/\/luhanganosakaskunta.fi\/wordpress\/index.php?rest_route=\/wp\/v2\/pages\/50\/revisions\/64"}],"wp:attachment":[{"href":"https:\/\/luhanganosakaskunta.fi\/wordpress\/index.php?rest_route=%2Fwp%2Fv2%2Fmedia&parent=50"}],"curies":[{"name":"wp","href":"https:\/\/api.w.org\/{rel}","templated":true}]}}