{"id":2,"date":"2026-04-28T12:33:03","date_gmt":"2026-04-28T12:33:03","guid":{"rendered":"https:\/\/luhanganosakaskunta.fi\/wordpress\/?page_id=2"},"modified":"2026-04-29T16:14:56","modified_gmt":"2026-04-29T16:14:56","slug":"sample-page","status":"publish","type":"page","link":"https:\/\/luhanganosakaskunta.fi\/wordpress\/","title":{"rendered":"Ajankohtaista"},"content":{"rendered":"\n\n\n<p><strong>Ajankohtaista<\/strong><\/p>\n\n\n\n<ul class=\"wp-block-list\">\n<li>vanha nettisivusto kaatui tuntemattomasta syyst\u00e4 talvella 2026, nyt laadittu uudet. Palautetta ja parannusehdotuksia voi antaa pj:lle ja sihteerille.<\/li>\n\n\n\n<li>huomioi rauhoitusaluemuutokset (kts. kartat), kalastuslain m\u00e4\u00e4r\u00e4ykset, pyydysmerkinn\u00e4t, kalojen alamitat- ja rauhoitus ym.<\/li>\n\n\n\n<li>muista ostaa pyydysmerkit ennen kalastamista<\/li>\n\n\n\n<li>vesij\u00e4tt\u00f6maan omistaa Osakaskunta, vesij\u00e4t\u00f6n lunastustoimitusta voi hakea Maanmittauslaitokselta<\/li>\n\n\n\n<li>vuosittain Osakasten kokous pidet\u00e4\u00e4n Luhangan kyl\u00e4talolla huhtikuun kolmantena perjantaina klo 17.00 alkaen,<\/li>\n\n\n\n<li>pitk\u00e4perjantain sattuessa, kokous pidet\u00e4\u00e4n hoitokunnan ilmoittamana aikana. Kokousilmoitus Joutsan Seutu-lehdess\u00e4 (kts.s\u00e4\u00e4nn\u00f6t)<\/li>\n<\/ul>\n\n\n\n<p><\/p>\n","protected":false},"excerpt":{"rendered":"<p>Ajankohtaista<\/p>\n","protected":false},"author":1,"featured_media":0,"parent":0,"menu_order":0,"comment_status":"closed","ping_status":"closed","template":"","meta":{"footnotes":""},"class_list":["post-2","page","type-page","status-publish","hentry"],"_links":{"self":[{"href":"https:\/\/luhanganosakaskunta.fi\/wordpress\/index.php?rest_route=\/wp\/v2\/pages\/2","targetHints":{"allow":["GET"]}}],"collection":[{"href":"https:\/\/luhanganosakaskunta.fi\/wordpress\/index.php?rest_route=\/wp\/v2\/pages"}],"about":[{"href":"https:\/\/luhanganosakaskunta.fi\/wordpress\/index.php?rest_route=\/wp\/v2\/types\/page"}],"author":[{"embeddable":true,"href":"https:\/\/luhanganosakaskunta.fi\/wordpress\/index.php?rest_route=\/wp\/v2\/users\/1"}],"replies":[{"embeddable":true,"href":"https:\/\/luhanganosakaskunta.fi\/wordpress\/index.php?rest_route=%2Fwp%2Fv2%2Fcomments&post=2"}],"version-history":[{"count":10,"href":"https:\/\/luhanganosakaskunta.fi\/wordpress\/index.php?rest_route=\/wp\/v2\/pages\/2\/revisions"}],"predecessor-version":[{"id":96,"href":"https:\/\/luhanganosakaskunta.fi\/wordpress\/index.php?rest_route=\/wp\/v2\/pages\/2\/revisions\/96"}],"wp:attachment":[{"href":"https:\/\/luhanganosakaskunta.fi\/wordpress\/index.php?rest_route=%2Fwp%2Fv2%2Fmedia&parent=2"}],"curies":[{"name":"wp","href":"https:\/\/api.w.org\/{rel}","templated":true}]}}