{"id":13,"date":"2026-04-28T13:31:04","date_gmt":"2026-04-28T13:31:04","guid":{"rendered":"https:\/\/luhanganosakaskunta.fi\/wordpress\/?page_id=13"},"modified":"2026-04-29T16:12:51","modified_gmt":"2026-04-29T16:12:51","slug":"luvat","status":"publish","type":"page","link":"https:\/\/luhanganosakaskunta.fi\/wordpress\/?page_id=13","title":{"rendered":"Luvat"},"content":{"rendered":"\n<p><strong>Lupamyyntipisteet<\/strong><\/p>\n\n\n\n<p>Luhangan Osakaskunnan pyydysmerkkej\u00e4 voi ostaa Luhangan kyl\u00e4kaupasta (M-Market), ravintola Etapista ja Kalatalouskeskuksen lupamyyntipalvelusta <a href=\"https:\/\/www.ostaluvat.fi\">https:\/\/www.ostaluvat.fi<\/a>.<\/p>\n\n\n\n<p><strong>Pyydysmerkkien\/lupien hinnat<\/strong><\/p>\n\n\n\n<p>Pyydysmerkin eli luvan hinta on 5 euroa. Yhdell\u00e4 5 euron luvalla saa pit\u00e4\u00e4 kahta rapumertaa. (Mertaparit on kytkett\u00e4v\u00e4 narulla toisiinsa.) Verkkoihin tulee hankkia 1 pyydysmerkki kutakin alkavaa 90 m<sup>2<\/sup> kohden. Pyydysten arvo eri pyydyksiin m\u00e4\u00e4r\u00e4ytyy seuraavasti:<br><\/p>\n\n\n\n<figure class=\"wp-block-table\"><table class=\"has-fixed-layout\"><tbody><tr><td>verkko (per alkavaa 90 m2)\u00a0 \u00a0\u00a0\u00a0\u00a0\u00a0\u00a0\u00a0\u00a0\u00a0\u00a0\u00a0\u00a0\u00a0<\/td><td>1 merkki<\/td><\/tr><tr><td>katiska<\/td><td>1 merkki<\/td><\/tr><tr><td>nuotta<\/td><td>20 merkki\u00e4<\/td><\/tr><tr><td>talvinuotta<\/td><td>20 merkki\u00e4<\/td><\/tr><tr><td>pitk\u00e4 siima (100 koukkua)<\/td><td>2 merkki\u00e4<\/td><\/tr><tr><td>rantarys\u00e4<\/td><td>1 merkki<\/td><\/tr><tr><td>rys\u00e4, korkeus alle 2.0 m<\/td><td>2 merkki\u00e4<\/td><\/tr><tr><td>rys\u00e4, korkeus yli 2,0 m\u00a0\u00a0<\/td><td>10 merkki\u00e4<\/td><\/tr><tr><td>avorys\u00e4 tai paunetti<\/td><td>20 merkki\u00e4<\/td><\/tr><tr><td>uistin<\/td><td>1 merkki<\/td><\/tr><tr><td>mademerta<\/td><td>1 merkki<\/td><\/tr><tr><td>rapumerta<\/td><td>2 rapumertaa yhdell\u00e4 merkill\u00e4<\/td><\/tr><tr><td>kaikenlaiset koukut (5 kpl)<\/td><td>1 merkki<\/td><\/tr><tr><td>tuulastus<\/td><td>1 merkki<\/td><\/tr><\/tbody><\/table><\/figure>\n\n\n\n<p><\/p>\n\n\n\n<p>Kalastonhoitomaksu on kalastajan pakollinen perusmaksu, joka tulee maksaa, jos on i\u00e4lt\u00e4\u00e4n 18\u201369-vuotias ja kalastaa vieheell\u00e4 tai pyydyksill\u00e4 tai ravustaa. Vesialueen omistajan lupaa tarvitaan, kun kalastetaan useammalla vieheell\u00e4 tai vavalla ja passiivisilla pyydyksill\u00e4, kuten verkoilla tai katiskoilla. Tarkemmin: <a href=\"https:\/\/ahven.net\/kalastus\/luvat-ja-maksut\/\">https:\/\/ahven.net\/kalastus\/luvat-ja-maksut\/<\/a><\/p>\n\n\n\n<figure class=\"wp-block-image size-full\"><img loading=\"lazy\" decoding=\"async\" width=\"517\" height=\"432\" src=\"https:\/\/luhanganosakaskunta.fi\/wordpress\/wp-content\/uploads\/2026\/04\/image.png\" alt=\"\" class=\"wp-image-23\" srcset=\"https:\/\/luhanganosakaskunta.fi\/wordpress\/wp-content\/uploads\/2026\/04\/image.png 517w, https:\/\/luhanganosakaskunta.fi\/wordpress\/wp-content\/uploads\/2026\/04\/image-300x251.png 300w\" sizes=\"auto, (max-width: 517px) 100vw, 517px\" \/><\/figure>\n\n\n\n<p><\/p>\n","protected":false},"excerpt":{"rendered":"<p>Lupamyyntipisteet Luhangan Osakaskunnan pyydysmerkkej\u00e4 voi ostaa Luhangan kyl\u00e4kaupasta (M-Market), ravintola Etapista ja Kalatalouskeskuksen lupamyyntipalvelusta https:\/\/www.ostaluvat.fi. Pyydysmerkkien\/lupien hinnat Pyydysmerkin eli luvan hinta on 5 euroa. Yhdell\u00e4 5 euron luvalla saa pit\u00e4\u00e4 kahta rapumertaa. (Mertaparit on kytkett\u00e4v\u00e4 narulla toisiinsa.) Verkkoihin tulee hankkia 1 pyydysmerkki kutakin alkavaa 90 m2 kohden. Pyydysten arvo eri pyydyksiin m\u00e4\u00e4r\u00e4ytyy seuraavasti: verkko (per [&hellip;]<\/p>\n","protected":false},"author":1,"featured_media":0,"parent":0,"menu_order":0,"comment_status":"closed","ping_status":"closed","template":"","meta":{"footnotes":""},"class_list":["post-13","page","type-page","status-publish","hentry"],"_links":{"self":[{"href":"https:\/\/luhanganosakaskunta.fi\/wordpress\/index.php?rest_route=\/wp\/v2\/pages\/13","targetHints":{"allow":["GET"]}}],"collection":[{"href":"https:\/\/luhanganosakaskunta.fi\/wordpress\/index.php?rest_route=\/wp\/v2\/pages"}],"about":[{"href":"https:\/\/luhanganosakaskunta.fi\/wordpress\/index.php?rest_route=\/wp\/v2\/types\/page"}],"author":[{"embeddable":true,"href":"https:\/\/luhanganosakaskunta.fi\/wordpress\/index.php?rest_route=\/wp\/v2\/users\/1"}],"replies":[{"embeddable":true,"href":"https:\/\/luhanganosakaskunta.fi\/wordpress\/index.php?rest_route=%2Fwp%2Fv2%2Fcomments&post=13"}],"version-history":[{"count":17,"href":"https:\/\/luhanganosakaskunta.fi\/wordpress\/index.php?rest_route=\/wp\/v2\/pages\/13\/revisions"}],"predecessor-version":[{"id":94,"href":"https:\/\/luhanganosakaskunta.fi\/wordpress\/index.php?rest_route=\/wp\/v2\/pages\/13\/revisions\/94"}],"wp:attachment":[{"href":"https:\/\/luhanganosakaskunta.fi\/wordpress\/index.php?rest_route=%2Fwp%2Fv2%2Fmedia&parent=13"}],"curies":[{"name":"wp","href":"https:\/\/api.w.org\/{rel}","templated":true}]}}