{"id":11,"date":"2026-04-28T13:36:42","date_gmt":"2026-04-28T13:36:42","guid":{"rendered":"https:\/\/luhanganosakaskunta.fi\/wordpress\/?page_id=11"},"modified":"2026-04-28T17:24:10","modified_gmt":"2026-04-28T17:24:10","slug":"vesialueet","status":"publish","type":"page","link":"https:\/\/luhanganosakaskunta.fi\/wordpress\/?page_id=11","title":{"rendered":"Vesialueet"},"content":{"rendered":"\n<p>Luhangan (rno:n 435 alkuisena) kunnan puolella Luhangan Osakaskuntaan kuuluvia vesialueita on n. 4000 ha ja Sysm\u00e4n (rno:n 781 alkuisena) kunnan puolella n. 560 ha. Luhanka (435) kuuluu vesialueidensa osalta Pohjois- P\u00e4ij\u00e4nteen Kalatalousalueeseen ja Sysm\u00e4n vedet Etel\u00e4- ja Keski- P\u00e4ij\u00e4nteen Kalatalousalueeseen.<\/p>\n\n\n\n<p>Luhangan Osakaskunta on vuokrannut osa-alueitaan Judinsalon ja Suur-K\u00e4rmelahden Osakaskunnille. Vastaavasti Judinsalon Osakaskunta, sek\u00e4 useat kiinteist\u00f6t ovat vuokranneet omia vesialueitaan Luhangan Osakaskunnalle. Tammij\u00e4rven Osakaskunta on vuokrannut omat vesialueensa Luhangan Osakaskunnalle. Vuokra-alueet yhteens\u00e4 n. 600 ha.<\/p>\n\n\n\n<p>Kaikki vesialueet huomioiden Luhangan Osakaskunta toimii n. 5000 ha:n alueella. Osakaskunnan omat vesialueet on merkitty oheisiin karttoihin siniharmaina alueina. Osakaskunnalle vuokratut vesialueet on rajattu vihre\u00e4ll\u00e4 ja osakaskunnalta poisvuokratut alueet oranssilla v\u00e4rill\u00e4. (Tilanne 20.4.2026.)<\/p>\n\n\n\n<figure class=\"wp-block-image size-large\"><img loading=\"lazy\" decoding=\"async\" width=\"737\" height=\"1024\" src=\"https:\/\/luhanganosakaskunta.fi\/wordpress\/wp-content\/uploads\/2026\/04\/Kartta_1-737x1024.png\" alt=\"\" class=\"wp-image-20\" srcset=\"https:\/\/luhanganosakaskunta.fi\/wordpress\/wp-content\/uploads\/2026\/04\/Kartta_1-737x1024.png 737w, https:\/\/luhanganosakaskunta.fi\/wordpress\/wp-content\/uploads\/2026\/04\/Kartta_1-216x300.png 216w, https:\/\/luhanganosakaskunta.fi\/wordpress\/wp-content\/uploads\/2026\/04\/Kartta_1-768x1067.png 768w, https:\/\/luhanganosakaskunta.fi\/wordpress\/wp-content\/uploads\/2026\/04\/Kartta_1-1105x1536.png 1105w, https:\/\/luhanganosakaskunta.fi\/wordpress\/wp-content\/uploads\/2026\/04\/Kartta_1.png 1472w\" sizes=\"auto, (max-width: 737px) 100vw, 737px\" \/><\/figure>\n\n\n\n<figure class=\"wp-block-image size-large\"><img loading=\"lazy\" decoding=\"async\" width=\"733\" height=\"1024\" src=\"https:\/\/luhanganosakaskunta.fi\/wordpress\/wp-content\/uploads\/2026\/04\/Kartta_2-733x1024.png\" alt=\"\" class=\"wp-image-21\" srcset=\"https:\/\/luhanganosakaskunta.fi\/wordpress\/wp-content\/uploads\/2026\/04\/Kartta_2-733x1024.png 733w, https:\/\/luhanganosakaskunta.fi\/wordpress\/wp-content\/uploads\/2026\/04\/Kartta_2-215x300.png 215w, https:\/\/luhanganosakaskunta.fi\/wordpress\/wp-content\/uploads\/2026\/04\/Kartta_2-768x1074.png 768w, https:\/\/luhanganosakaskunta.fi\/wordpress\/wp-content\/uploads\/2026\/04\/Kartta_2.png 1003w\" sizes=\"auto, (max-width: 733px) 100vw, 733px\" \/><\/figure>\n\n\n\n<p><\/p>\n","protected":false},"excerpt":{"rendered":"<p>Luhangan (rno:n 435 alkuisena) kunnan puolella Luhangan Osakaskuntaan kuuluvia vesialueita on n. 4000 ha ja Sysm\u00e4n (rno:n 781 alkuisena) kunnan puolella n. 560 ha. Luhanka (435) kuuluu vesialueidensa osalta Pohjois- P\u00e4ij\u00e4nteen Kalatalousalueeseen ja Sysm\u00e4n vedet Etel\u00e4- ja Keski- P\u00e4ij\u00e4nteen Kalatalousalueeseen. Luhangan Osakaskunta on vuokrannut osa-alueitaan Judinsalon ja Suur-K\u00e4rmelahden Osakaskunnille. Vastaavasti Judinsalon Osakaskunta, sek\u00e4 useat kiinteist\u00f6t [&hellip;]<\/p>\n","protected":false},"author":1,"featured_media":0,"parent":0,"menu_order":0,"comment_status":"closed","ping_status":"closed","template":"","meta":{"footnotes":""},"class_list":["post-11","page","type-page","status-publish","hentry"],"_links":{"self":[{"href":"https:\/\/luhanganosakaskunta.fi\/wordpress\/index.php?rest_route=\/wp\/v2\/pages\/11","targetHints":{"allow":["GET"]}}],"collection":[{"href":"https:\/\/luhanganosakaskunta.fi\/wordpress\/index.php?rest_route=\/wp\/v2\/pages"}],"about":[{"href":"https:\/\/luhanganosakaskunta.fi\/wordpress\/index.php?rest_route=\/wp\/v2\/types\/page"}],"author":[{"embeddable":true,"href":"https:\/\/luhanganosakaskunta.fi\/wordpress\/index.php?rest_route=\/wp\/v2\/users\/1"}],"replies":[{"embeddable":true,"href":"https:\/\/luhanganosakaskunta.fi\/wordpress\/index.php?rest_route=%2Fwp%2Fv2%2Fcomments&post=11"}],"version-history":[{"count":3,"href":"https:\/\/luhanganosakaskunta.fi\/wordpress\/index.php?rest_route=\/wp\/v2\/pages\/11\/revisions"}],"predecessor-version":[{"id":65,"href":"https:\/\/luhanganosakaskunta.fi\/wordpress\/index.php?rest_route=\/wp\/v2\/pages\/11\/revisions\/65"}],"wp:attachment":[{"href":"https:\/\/luhanganosakaskunta.fi\/wordpress\/index.php?rest_route=%2Fwp%2Fv2%2Fmedia&parent=11"}],"curies":[{"name":"wp","href":"https:\/\/api.w.org\/{rel}","templated":true}]}}